{"id":3491,"date":"2016-11-28T09:45:55","date_gmt":"2016-11-28T09:45:55","guid":{"rendered":"http:\/\/audreyzanin.com\/?page_id=3491"},"modified":"2018-09-18T16:00:58","modified_gmt":"2018-09-18T16:00:58","slug":"history","status":"publish","type":"page","link":"https:\/\/audreyzanin.com\/fr\/history\/","title":{"rendered":"HISTORIQUE"},"content":{"rendered":"<p><span style=\"font-size: 14pt;\">La marque ((((EFFETS SONORES))))\u00a0 a \u00e9t\u00e9 cr\u00e9\u00e9e en 2009 par Audrey Zanin. Les produits sont fabriqu\u00e9s exclusivement en France, \u00e0 Paris.<\/span><\/p>\n<p class=\"paragraph_style_2\"><span style=\"font-size: 14pt;\">Outre sa participation r\u00e9guli\u00e8re \u00e0 des salons de cr\u00e9ateurs \u00e0 Paris, la marque s&rsquo;est associ\u00e9e \u00e0 des \u00e9tablissements et des \u00e9v\u00e9nements prestigieux au cours du temps.<\/span><\/p>\n<p class=\"paragraph_style_2\"><span style=\"font-size: 14pt;\">En effet, ((((EFFETS SONORES)))) a ponctuellement habill\u00e9 le personnel de l&rsquo;h\u00f4tel Murano Resort (1K) \u00e0 Paris et collabor\u00e9 \u00e0 ses \u00e9v\u00e9nements, travaill\u00e9 avec des artistes renomm\u00e9s en Europe tels que l&rsquo;auteur-compositeur-interpr\u00e8te Joseph d&rsquo;Anvers, le pianiste soliste Guillaume Coppola, l&rsquo;artiste peintre Florent Chopin, le quatuor Tana \u00e0 l&rsquo;occasion d&rsquo;un concert organis\u00e9 par l&rsquo;Universit\u00e9 de Li\u00e8ge pour une remise de prix aux grands compositeurs contemporains de ce si\u00e8cle, y compris Arvo P\u00e4rt et en sa pr\u00e9sence.<\/span><\/p>\n<p class=\"paragraph_style_2\"><span style=\"font-size: 14pt;\"><img loading=\"lazy\" decoding=\"async\" class=\"aligncenter size-full wp-image-3444\" src=\"http:\/\/audreyzanin.com\/wp-content\/uploads\/2016\/11\/shapeimage_2.jpg\" alt=\"shapeimage_2\" width=\"390\" height=\"293\" srcset=\"https:\/\/audreyzanin.com\/wp-content\/uploads\/2016\/11\/shapeimage_2.jpg 390w, https:\/\/audreyzanin.com\/wp-content\/uploads\/2016\/11\/shapeimage_2-300x225.jpg 300w, https:\/\/audreyzanin.com\/wp-content\/uploads\/2016\/11\/shapeimage_2-67x50.jpg 67w\" sizes=\"auto, (max-width: 390px) 100vw, 390px\" \/><\/span><\/p>\n<p class=\"paragraph_style_2\"><span style=\"font-size: 14pt;\">De nombreux artistes, peintres, musiciens (solistes classiques, groupes de jazz, de rock-cabaret, d&rsquo;\u00e9lectro..), designers, com\u00e9diens, architectes (l&rsquo;Australien Clinton Matthews), ont fait et font le choix de la marque ((((EFFETS SONORES)))) pour des spectacles, des concerts, des pr\u00e9sentations presse, des vernissages&#8230; Et aussi tout simplement des hommes anim\u00e9s d&rsquo;une volont\u00e9 de d\u00e9tourner les codes, de consid\u00e9rer le v\u00eatement comme un moyen d&rsquo;expression.<\/span><\/p>\n<p class=\"paragraph_style_2\"><span style=\"font-size: 14pt;\">((((EFFETS SONORES)))) collabore \u00e9galement avec Quentin Obadia, \u00e9toile montante du design joaillier fran\u00e7ais, tout d&rsquo;abord responsable du design joaillier et horloger chez Boucheron, et aujourd&rsquo;hui responsable du design de la joaillerie et haute-joaillerie chez Lalique, pour l&rsquo;habiller lors des prestigieux \u00e9v\u00e9nements de pr\u00e9sentation de sa marque : pr\u00e9sentations \u00e0 B\u00e2le lors du salon international de la joaillerie, pr\u00e9sentations presse \u00e0 Paris, New York, Londres&#8230;<\/span><\/p>\n<p class=\"paragraph_style_2\"><span style=\"font-size: 14pt;\"><img loading=\"lazy\" decoding=\"async\" class=\"aligncenter size-full wp-image-3442\" src=\"http:\/\/audreyzanin.com\/wp-content\/uploads\/2016\/11\/droppedImage.jpg\" alt=\"droppedimage\" width=\"321\" height=\"490\" srcset=\"https:\/\/audreyzanin.com\/wp-content\/uploads\/2016\/11\/droppedImage.jpg 321w, https:\/\/audreyzanin.com\/wp-content\/uploads\/2016\/11\/droppedImage-197x300.jpg 197w, https:\/\/audreyzanin.com\/wp-content\/uploads\/2016\/11\/droppedImage-33x50.jpg 33w\" sizes=\"auto, (max-width: 321px) 100vw, 321px\" \/><\/span><\/p>\n<p class=\"paragraph_style_2\"><span style=\"font-size: 14pt;\">Le premier d\u00e9fil\u00e9 ((((EFFETS SONORES)))) a eu lieu au mois de mai 2010, dans le 18e arrondissement de Paris. Le second s&rsquo;est tenu le 22 mai 2011 \u00e0 l&rsquo;occasion du gala de l&rsquo;Ecole Polytechnique devant un public de plus de 7000 personnes.<\/span><\/p>\n<p class=\"paragraph_style_2\"><span style=\"font-size: 14pt;\"><img loading=\"lazy\" decoding=\"async\" class=\"aligncenter wp-image-3445\" src=\"http:\/\/audreyzanin.com\/wp-content\/uploads\/2016\/11\/DSC0375-min.jpg\" alt=\"_dsc0375-min\" width=\"280\" height=\"420\" srcset=\"https:\/\/audreyzanin.com\/wp-content\/uploads\/2016\/11\/DSC0375-min.jpg 3024w, https:\/\/audreyzanin.com\/wp-content\/uploads\/2016\/11\/DSC0375-min-200x300.jpg 200w, https:\/\/audreyzanin.com\/wp-content\/uploads\/2016\/11\/DSC0375-min-768x1154.jpg 768w, https:\/\/audreyzanin.com\/wp-content\/uploads\/2016\/11\/DSC0375-min-681x1024.jpg 681w, https:\/\/audreyzanin.com\/wp-content\/uploads\/2016\/11\/DSC0375-min-33x50.jpg 33w, https:\/\/audreyzanin.com\/wp-content\/uploads\/2016\/11\/DSC0375-min-650x977.jpg 650w, https:\/\/audreyzanin.com\/wp-content\/uploads\/2016\/11\/DSC0375-min-1000x1503.jpg 1000w\" sizes=\"auto, (max-width: 280px) 100vw, 280px\" \/><\/span><\/p>\n<p class=\"paragraph_style_2\"><span style=\"font-size: 14pt;\">Au mois de d\u00e9cembre 2011, la marque a \u00e9t\u00e9 s\u00e9lectionn\u00e9e par une agence d\u2019\u00e9v\u00e9nementiel et de promotion de cr\u00e9ateurs europ\u00e9ens afin d\u2019\u00eatre diffus\u00e9e en Chine.<\/span><\/p>\n<p class=\"paragraph_style_2\"><span style=\"font-size: 14pt;\"><img decoding=\"async\" class=\"aligncenter size-full wp-image-3446\" src=\"http:\/\/audreyzanin.com\/wp-content\/uploads\/2016\/11\/TForce.tiff\" alt=\"tforce\" \/><\/span><\/p>\n<p class=\"paragraph_style_2\"><span style=\"font-size: 14pt;\">Au mois d&rsquo;avril 2012 ((((EFFETS SONORES)))) a particip\u00e9 \u00e0 la Fashion Week internationale T-FORCE organis\u00e9e \u00e0 Guangzhou en Chine, et au mois de Juillet 2012 a \u00e9t\u00e9 selectionn\u00e9e pour participer au 12th Shenzhen Fashion Fair \u201cWhat\u2019s Yours?\u201d.<\/span><\/p>\n<p class=\"paragraph_style_2\"><span style=\"font-size: 14pt;\"><img loading=\"lazy\" decoding=\"async\" class=\"aligncenter size-full wp-image-3441\" src=\"http:\/\/audreyzanin.com\/wp-content\/uploads\/2016\/11\/droppedImage_2.jpg\" alt=\"droppedimage_2\" width=\"389\" height=\"256\" srcset=\"https:\/\/audreyzanin.com\/wp-content\/uploads\/2016\/11\/droppedImage_2.jpg 389w, https:\/\/audreyzanin.com\/wp-content\/uploads\/2016\/11\/droppedImage_2-300x197.jpg 300w, https:\/\/audreyzanin.com\/wp-content\/uploads\/2016\/11\/droppedImage_2-76x50.jpg 76w\" sizes=\"auto, (max-width: 389px) 100vw, 389px\" \/><\/span><\/p>\n<p class=\"paragraph_style_2\"><span style=\"font-size: 14pt;\">En Janvier 2013, interview d&rsquo;Audrey Zanin, fondatrice de la marque, sur les ondes BFM Business dans le cadre de l&rsquo;\u00e9mission \u00ab\u00a0Go\u00fbts de Luxe\u00a0\u00bb anim\u00e9e par Karine Vergniolles, sur \u00ab\u00a0la nouvelle cr\u00e9ation masculine\u00a0\u00bb.<\/span><\/p>\n<p class=\"paragraph_style_2\"><span style=\"font-size: 14pt;\"><img loading=\"lazy\" decoding=\"async\" class=\"aligncenter wp-image-3407\" src=\"http:\/\/audreyzanin.com\/wp-content\/uploads\/2013\/10\/IMG_9009.png\" alt=\"img_9009\" width=\"522\" height=\"294\" srcset=\"https:\/\/audreyzanin.com\/wp-content\/uploads\/2013\/10\/IMG_9009.png 1136w, https:\/\/audreyzanin.com\/wp-content\/uploads\/2013\/10\/IMG_9009-300x169.png 300w, https:\/\/audreyzanin.com\/wp-content\/uploads\/2013\/10\/IMG_9009-768x433.png 768w, https:\/\/audreyzanin.com\/wp-content\/uploads\/2013\/10\/IMG_9009-1024x577.png 1024w, https:\/\/audreyzanin.com\/wp-content\/uploads\/2013\/10\/IMG_9009-89x50.png 89w, https:\/\/audreyzanin.com\/wp-content\/uploads\/2013\/10\/IMG_9009-650x366.png 650w, https:\/\/audreyzanin.com\/wp-content\/uploads\/2013\/10\/IMG_9009-1000x563.png 1000w\" sizes=\"auto, (max-width: 522px) 100vw, 522px\" \/><\/span><\/p>\n<p><span style=\"font-size: 14pt;\">La marque est bas\u00e9e en Allemagne depuis 2016, participant depuis \u00e0 des salons du mariage et \u00e9v\u00e9nements de mode, tout en d\u00e9veloppant son service de r\u00e9alisation sur-mesure, des designs exclusifs ainsi que de nouvelles collections destin\u00e9es aux salons et \u00e0 la vente aux professionnels.<\/span><\/p>\n<ul class=\"wwm_social_share wwm_top_left\"><li class=\"wwm_facebook\"><\/li><li class=\"wwm_twitter\"><\/li><li class=\"wwm_gplus\"><\/li><li class=\"wwm_pinit\"><\/li><li class=\"wwm_tumblr\"><\/li><li class=\"wwm_linked\"><\/li><\/ul><input type=\"hidden\" id=\"wwm_short_url\" value=\"\"\/><input type=\"hidden\" id=\"force_fix\" value=\"0\" \/><input type=\"hidden\" id=\"exclude_include_class\" value=\"\"\/><input type=\"hidden\" id=\"exclude_class\" value=\"\"\/><input type=\"hidden\" id=\"exclude_image\" value=\"\"\/><input type=\"hidden\" id=\"include_class\" value=\"\"\/><input type=\"hidden\" id=\"share_width\" value=\"150\"\/><input type=\"hidden\" id=\"wwm_mode\" value=\"0\"\/>","protected":false},"excerpt":{"rendered":"<p>La marque ((((EFFETS SONORES))))\u00a0 a \u00e9t\u00e9 cr\u00e9\u00e9e en 2009 par Audrey Zanin. Les produits sont fabriqu\u00e9s exclusivement en France, \u00e0 Paris. Outre sa participation r\u00e9guli\u00e8re \u00e0 des salons de cr\u00e9ateurs [&hellip;]<\/p>\n<p><a href=\"https:\/\/audreyzanin.com\/fr\/history\/\" class=\"more-link style1-button\">Read More<\/a><\/p>","protected":false},"author":1,"featured_media":0,"parent":0,"menu_order":0,"comment_status":"open","ping_status":"closed","template":"","meta":{"footnotes":""},"class_list":["post-3491","page","type-page","status-publish","hentry"],"_links":{"self":[{"href":"https:\/\/audreyzanin.com\/fr\/wp-json\/wp\/v2\/pages\/3491","targetHints":{"allow":["GET"]}}],"collection":[{"href":"https:\/\/audreyzanin.com\/fr\/wp-json\/wp\/v2\/pages"}],"about":[{"href":"https:\/\/audreyzanin.com\/fr\/wp-json\/wp\/v2\/types\/page"}],"author":[{"embeddable":true,"href":"https:\/\/audreyzanin.com\/fr\/wp-json\/wp\/v2\/users\/1"}],"replies":[{"embeddable":true,"href":"https:\/\/audreyzanin.com\/fr\/wp-json\/wp\/v2\/comments?post=3491"}],"version-history":[{"count":8,"href":"https:\/\/audreyzanin.com\/fr\/wp-json\/wp\/v2\/pages\/3491\/revisions"}],"predecessor-version":[{"id":3591,"href":"https:\/\/audreyzanin.com\/fr\/wp-json\/wp\/v2\/pages\/3491\/revisions\/3591"}],"wp:attachment":[{"href":"https:\/\/audreyzanin.com\/fr\/wp-json\/wp\/v2\/media?parent=3491"}],"curies":[{"name":"wp","href":"https:\/\/api.w.org\/{rel}","templated":true}]}}