{"id":3329,"date":"2016-11-08T14:06:28","date_gmt":"2016-11-08T14:06:28","guid":{"rendered":"http:\/\/audreyzanin.com\/?page_id=3329"},"modified":"2016-12-08T12:22:49","modified_gmt":"2016-12-08T12:22:49","slug":"imprint","status":"publish","type":"page","link":"https:\/\/audreyzanin.com\/fr\/contact-2\/imprint\/","title":{"rendered":"MENTIONS LEGALES"},"content":{"rendered":"<div class=\"be-section         clearfix\" data-headerscheme=\"background--dark\" style=\" \"  ><div class=\"be-section-pad clearfix \" style=\" padding-top:90px;padding-bottom:90px;\" data-padding-top = \"90\"><div  class=\"be-row be-wrap clearfix \"><div  class=\"one-col column-block clearfix  no-background    \" data-animation=\"\" style=\"  \"><div class=\"be-custom-column-inner\"><p><strong>EFFETS SONORES<\/strong><br \/>\nAudrey Zanin<br \/>\nChristian-Fink-Str. 15<\/p>\n<p>73732 Esslingen<br \/>\nGermany<\/p>\n<p>Phone: 0049 (0)172<\/p>\n<p>E-Mail: <a href=\"mailto:audreyzanin@me.com\">audreyzanin@me.com<\/a><\/p>\n<p>Homepage: <a href=\"http:\/\/www.effetssonores.com\">www.effetssonores.com<\/a><br \/>\nHomepage: <a href=\"http:\/\/www.audreyzanin.com\">www.audreyzanin.com<\/a><\/p>\n<p>Photographer : Fr\u00e9d\u00e9ric Robillard, <a href=\"http:\/\/www.fred-r.book.fr\" target=\"_blank\">www.fred-r.book.fr<\/a><\/p>\n<p>Models : Vincent, David, Samuel, David, Ren\u00e9, Cl\u00e9ment, Eric, Tom, Quentin<\/p>\n<p><span style=\"text-decoration: underline;\">Rechtliche Hinweise zur Website<\/span><\/p>\n<p>Alle Texte, Bilder und weiter hier ver\u00f6ffentlichten Informationen unterliegen dem Urheberrecht des Anbieters,soweit nicht Urheberrechte Dritter bestehen. In jedem Fall ist eine Vervielf\u00e4ltigung, Verbreitung oder \u00f6ffentliche Wiedergabe ausschlie\u00dflich im Falle einer widerruflichen und nicht \u00fcbertragbaren Zustimmung des Anbieters gestattet.<\/p>\n<\/div><\/div><\/div><\/div><\/div><ul class=\"wwm_social_share wwm_top_left\"><li class=\"wwm_facebook\"><\/li><li class=\"wwm_twitter\"><\/li><li class=\"wwm_gplus\"><\/li><li class=\"wwm_pinit\"><\/li><li class=\"wwm_tumblr\"><\/li><li class=\"wwm_linked\"><\/li><\/ul><input type=\"hidden\" id=\"wwm_short_url\" value=\"\"\/><input type=\"hidden\" id=\"force_fix\" value=\"0\" \/><input type=\"hidden\" id=\"exclude_include_class\" value=\"\"\/><input type=\"hidden\" id=\"exclude_class\" value=\"\"\/><input type=\"hidden\" id=\"exclude_image\" value=\"\"\/><input type=\"hidden\" id=\"include_class\" value=\"\"\/><input type=\"hidden\" id=\"share_width\" value=\"150\"\/><input type=\"hidden\" id=\"wwm_mode\" value=\"0\"\/>","protected":false},"excerpt":{"rendered":"<p>EFFETS SONORES Audrey Zanin Christian-Fink-Str. 15 73732 Esslingen Germany Phone: 0049 (0)172 E-Mail: audreyzanin@me.com Homepage: www.effetssonores.com Homepage: www.audreyzanin.com Photographer : Fr\u00e9d\u00e9ric Robillard, www.fred-r.book.fr Models : Vincent, David, Samuel, David, Ren\u00e9, [&hellip;]<\/p>\n<p><a href=\"https:\/\/audreyzanin.com\/fr\/contact-2\/imprint\/\" class=\"more-link style1-button\">Read More<\/a><\/p>","protected":false},"author":1,"featured_media":0,"parent":2799,"menu_order":0,"comment_status":"closed","ping_status":"closed","template":"page-blank.php","meta":{"footnotes":""},"class_list":["post-3329","page","type-page","status-publish","hentry"],"_links":{"self":[{"href":"https:\/\/audreyzanin.com\/fr\/wp-json\/wp\/v2\/pages\/3329","targetHints":{"allow":["GET"]}}],"collection":[{"href":"https:\/\/audreyzanin.com\/fr\/wp-json\/wp\/v2\/pages"}],"about":[{"href":"https:\/\/audreyzanin.com\/fr\/wp-json\/wp\/v2\/types\/page"}],"author":[{"embeddable":true,"href":"https:\/\/audreyzanin.com\/fr\/wp-json\/wp\/v2\/users\/1"}],"replies":[{"embeddable":true,"href":"https:\/\/audreyzanin.com\/fr\/wp-json\/wp\/v2\/comments?post=3329"}],"version-history":[{"count":6,"href":"https:\/\/audreyzanin.com\/fr\/wp-json\/wp\/v2\/pages\/3329\/revisions"}],"predecessor-version":[{"id":3505,"href":"https:\/\/audreyzanin.com\/fr\/wp-json\/wp\/v2\/pages\/3329\/revisions\/3505"}],"up":[{"embeddable":true,"href":"https:\/\/audreyzanin.com\/fr\/wp-json\/wp\/v2\/pages\/2799"}],"wp:attachment":[{"href":"https:\/\/audreyzanin.com\/fr\/wp-json\/wp\/v2\/media?parent=3329"}],"curies":[{"name":"wp","href":"https:\/\/api.w.org\/{rel}","templated":true}]}}