{"id":2793,"date":"2015-10-14T09:07:17","date_gmt":"2015-10-14T09:07:17","guid":{"rendered":"http:\/\/www.brandexponents.com\/oshin\/?page_id=2793"},"modified":"2020-04-23T12:51:24","modified_gmt":"2020-04-23T12:51:24","slug":"home-2","status":"publish","type":"page","link":"https:\/\/audreyzanin.com\/fr\/","title":{"rendered":"Home 2 &#8211; v1"},"content":{"rendered":"<div class=\"be-section         clearfix\" data-headerscheme=\"background--dark\" style=\" \"  ><div class=\"be-section-pad clearfix \" style=\" padding-top:90px;padding-bottom:90px;\" data-padding-top = \"90\"><div  class=\"be-row be-wrap clearfix \"><div  class=\"one-col column-block clearfix  no-background    \" data-animation=\"\" style=\"  \"><div class=\"be-custom-column-inner\"><div class=\"be-text-inner clearfix\" style=\"width: 70%; margin: 0 auto 30px;\"><p style=\"text-align: center;\"><span style=\"font-size: 18pt; color: #ffffff;\">What makes us different is expressing your difference<\/span><\/p>\n<p style=\"text-align: center;\">&nbsp;<\/p>\n<p style=\"text-align: center;\"><span style=\"font-size: 14pt; color: #ffffff;\">Audrey Zanin Fashion Design was founded because men and women are looking for creative and high quality clothes.<\/span><\/p>\n<p style=\"text-align: center;\"><span style=\"font-size: 14pt; color: #ffffff;\">The brand offers one-of-a-kind collections as well as the possibility to customize your orders. The choice of high-quality fabrics and accessoires takes place in Paris, as the confection itself, in a small artisanal atelier. Quality textures, innovative design and traditional know.how are associated to strongly express your personality!<\/span><\/p>\n<p style=\"text-align: center;\"><span style=\"font-size: 14pt; color: #ffffff;\">Inspired from the uniform, the unique designs of the <strong>collection ((((EFFETS SONORES))))<\/strong> sublime the masculine body lines and the choice of the materials are inspired from the sound vibrations.<\/span><\/p>\n<p style=\"text-align: center;\"><span style=\"font-size: 14pt; color: #ffffff;\">The <strong>collection HADO<\/strong> has a design inspired from the energy of nature, seen as a shrine for the human body and mind. The design is casual-chic, a mix of traditional designs and new trends, an homage to the japanese way of seeing the spiritual power of nature.<\/span><\/p>\n<p style=\"text-align: center;\"><span style=\"font-size: 14pt; color: #ffffff;\">We lately developed a beautiful <strong>collection of wedding dresses<\/strong> : we are advising you and adapting new designs to&nbsp;your tastes and your body type. We offer a wonderful choice of fabrics and delicate lace coming from France and Italy. The bridal gowns can be designed on order, we are happy to make your special dreams come true on your very special day. Just shine on!<\/span><\/p>\n<p>&nbsp;<\/p>\n<\/div><\/div><\/div><\/div><\/div><\/div><div class=\"be-section         clearfix\" data-headerscheme=\"background--light\" style=\" background-color: #000000;\"  ><div class=\"be-section-pad clearfix \" style=\" padding-top:30px;padding-bottom:30px;\" data-padding-top = \"30\"><div  class=\"be-row  zero-bottom \"><div  class=\"one-col column-block clearfix  no-background    \" data-animation=\"\" style=\"  \"><div class=\"be-custom-column-inner\"><h5 style=\"text-align: center;\"><span style=\"color: #ffffff;\">COLLECTIONS<\/span><\/h5>\n<\/div><\/div><\/div><\/div><\/div><div class=\"be-section         clearfix\" data-headerscheme=\"background--light\" style=\" background-color: #000000;\"  ><div class=\"be-section-pad clearfix \" style=\" padding-top:0px;padding-bottom:0px;\" data-padding-top = \"0\"><div  class=\"be-row  \"><div  class=\"one-col column-block clearfix  no-background    \" data-animation=\"\" style=\"  \"><div class=\"be-custom-column-inner\"><div class=\"carousel-wrap portfolio-carousel\"><ul class=\"be-owl-carousel portfolio-carousel-module\"><li class=\"carousel-item element be-hoverlay style1-hover c_to_c style1-title\"><div class=\"element-inner\"><a href=\"https:\/\/audreyzanin.com\/fr\/portfolio\/page-builder-v8-3-3-2\/\" class=\"thumb-wrap  mfp-image\" title=\"DSC01216 - 4,7M - copie\"><div class=\"flip-wrap\"><div class=\"flip-img-wrap zoom-in-effect\"><img decoding=\"async\" src=\"https:\/\/audreyzanin.com\/wp-content\/uploads\/2019\/01\/DSC01216-47M-copie-1-650x406.jpg\" alt=\"\" \/><\/div><\/div><div class=\"thumb-overlay\"><div class=\"thumb-bg\" style=\"background-color:rgba(0,0,0,0.85); \"><div class=\"thumb-title-wrap \"><div class=\"thumb-title be-animate animated animation-trigger\" data-animation-type=\"fadeInDown\" style=\"color: #ffffff;\">COLLECTION HADO<\/div><\/div><\/div><\/div><\/a><\/div><a href=\"#\" class=\"custom-like-button no-liked\" data-post-id=\"3596\"><i class=\"font-icon icon-icon_heart\"><\/i><span>0<\/span><\/a><\/li><li class=\"carousel-item element be-hoverlay style1-hover c_to_c style1-title\"><div class=\"element-inner\"><a href=\"https:\/\/audreyzanin.com\/fr\/portfolio\/page-builder-v8-3\/\" class=\"thumb-wrap  mfp-image\" title=\"f1000010-min\"><div class=\"flip-wrap\"><div class=\"flip-img-wrap zoom-in-effect\"><img decoding=\"async\" src=\"https:\/\/audreyzanin.com\/wp-content\/uploads\/2014\/11\/F1000010-min-650x406.jpg\" alt=\"\" \/><\/div><\/div><div class=\"thumb-overlay\"><div class=\"thumb-bg\" style=\"background-color:rgba(0,0,0,0.85); \"><div class=\"thumb-title-wrap \"><div class=\"thumb-title be-animate animated animation-trigger\" data-animation-type=\"fadeInDown\" style=\"color: #ffffff;\">COLLECTION (((((EFFETS SONORES)))))<\/div><\/div><\/div><\/div><\/a><\/div><a href=\"#\" class=\"custom-like-button no-liked\" data-post-id=\"3348\"><i class=\"font-icon icon-icon_heart\"><\/i><span>0<\/span><\/a><\/li><li class=\"carousel-item element be-hoverlay style1-hover c_to_c style1-title\"><div class=\"element-inner\"><a href=\"https:\/\/audreyzanin.com\/fr\/portfolio\/page-builder-v8-3-3-3\/\" class=\"thumb-wrap  mfp-image\" title=\"tulle pois \u00e9lastiques\"><div class=\"flip-wrap\"><div class=\"flip-img-wrap zoom-in-effect\"><img decoding=\"async\" src=\"https:\/\/audreyzanin.com\/wp-content\/uploads\/2020\/04\/tulle-pois-\u00e9lastiques-e1587403080977-650x406.jpg\" alt=\"\" \/><\/div><\/div><div class=\"thumb-overlay\"><div class=\"thumb-bg\" style=\"background-color:rgba(0,0,0,0.85); \"><div class=\"thumb-title-wrap \"><div class=\"thumb-title be-animate animated animation-trigger\" data-animation-type=\"fadeInDown\" style=\"color: #ffffff;\">DESIGN ROBES DE MARI\u00c9E<\/div><\/div><\/div><\/div><\/a><\/div><a href=\"#\" class=\"custom-like-button no-liked\" data-post-id=\"3659\"><i class=\"font-icon icon-icon_heart\"><\/i><span>0<\/span><\/a><\/li><li class=\"carousel-item element be-hoverlay style1-hover c_to_c style1-title\"><div class=\"element-inner\"><a href=\"https:\/\/audreyzanin.com\/fr\/portfolio\/page-builder-v8-3-3\/\" class=\"thumb-wrap  mfp-image\" title=\"Brautpaar - 65739\"><div class=\"flip-wrap\"><div class=\"flip-img-wrap zoom-in-effect\"><img decoding=\"async\" src=\"https:\/\/audreyzanin.com\/wp-content\/uploads\/2018\/03\/Brautpaar-65739-650x406.jpg\" alt=\"\" \/><\/div><\/div><div class=\"thumb-overlay\"><div class=\"thumb-bg\" style=\"background-color:rgba(0,0,0,0.85); \"><div class=\"thumb-title-wrap \"><div class=\"thumb-title be-animate animated animation-trigger\" data-animation-type=\"fadeInDown\" style=\"color: #ffffff;\">COLLECTION MARIAGE Homme<\/div><\/div><\/div><\/div><\/a><\/div><a href=\"#\" class=\"custom-like-button no-liked\" data-post-id=\"3544\"><i class=\"font-icon icon-icon_heart\"><\/i><span>0<\/span><\/a><\/li><li class=\"carousel-item element be-hoverlay style1-hover c_to_c style1-title\"><div class=\"element-inner\"><a href=\"https:\/\/audreyzanin.com\/fr\/portfolio\/collection-for-sons\/\" class=\"thumb-wrap  mfp-image\" title=\"_dsc0247-min\"><div class=\"flip-wrap\"><div class=\"flip-img-wrap zoom-in-effect\"><img decoding=\"async\" src=\"https:\/\/audreyzanin.com\/wp-content\/uploads\/2016\/11\/DSC0247-min-2-650x406.jpg\" alt=\"\" \/><\/div><\/div><div class=\"thumb-overlay\"><div class=\"thumb-bg\" style=\"background-color:rgba(0,0,0,0.85); \"><div class=\"thumb-title-wrap \"><div class=\"thumb-title be-animate animated animation-trigger\" data-animation-type=\"fadeInDown\" style=\"color: #ffffff;\">COLLECTION FOR SONS<\/div><\/div><\/div><\/div><\/a><\/div><a href=\"#\" class=\"custom-like-button no-liked\" data-post-id=\"3386\"><i class=\"font-icon icon-icon_heart\"><\/i><span>0<\/span><\/a><\/li><\/ul><\/div><\/div><\/div><\/div><\/div><\/div><div class=\"be-section    background-vertical-animation be-bg-overlay    clearfix\" data-headerscheme=\"background--light\" style=\" \"  ><div class=\"be-section-pad clearfix \" style=\" padding-top:90px;padding-bottom:90px;\" data-padding-top = \"90\"><div class=\"section-overlay\" style=\"background: #000000; -ms-filter: progid:DXImageTransform.Microsoft.Alpha(Opacity=90);filter: alpha(opacity=90);-moz-opacity: 0.9;-khtml-opacity: 0.9;opacity: 0.9;\"><\/div><div  class=\"be-row be-wrap clearfix \"><div  class=\"one-col column-block clearfix  no-background    \" data-animation=\"\" style=\"  \"><div class=\"be-custom-column-inner\"><div class=\" content-slide-wrap\" data-animation=\"fadeIn\" ><div class=\" content-slider clearfix\"><ul class=\"clearfix slides content_slider_module clearfix\" data-slide-show=\"1\" data-slide-show-speed=\"4000\" data-slide-animation-type=\"slide\"><li class=\"content_slide slide clearfix\"><div class=\"content_slide_inner\" style=\"width: 60%\"><div class=\"content-slide-content\"><p style=\"text-align: center;\"><span style=\"font-size: 14pt; color: #ffffff;\">\u00ab\u00a0L&rsquo;oeuvre vit du regard qu&rsquo;on lui porte. Elle ne se limite ni \u00e0 ce qu&rsquo;elle est ni \u00e0 celui qui l&rsquo;a produite, elle est faite aussi de celui qui la regarde. Ma peinture est un espace de questionnement et de m\u00e9ditation o\u00f9 les sens qu&rsquo;on lui pr\u00eate peuvent venir se faire et se d\u00e9faire.\u00a0\u00bb &nbsp; &nbsp; &nbsp; &nbsp; &nbsp; &nbsp; &nbsp; &nbsp; &nbsp; &nbsp; &nbsp; &nbsp; &nbsp; &nbsp; &nbsp; &nbsp; &nbsp; &nbsp;&nbsp;<\/span><\/p>\n<p><span style=\"font-size: 14pt; color: #ffffff;\">&nbsp; &nbsp; &nbsp; &nbsp; &nbsp; &nbsp; &nbsp; &nbsp; &nbsp; &nbsp; &nbsp; &nbsp; &nbsp; &nbsp; &nbsp; &nbsp; &nbsp; &nbsp; &nbsp; &nbsp; &nbsp; &nbsp; &nbsp; &nbsp; &nbsp; &nbsp; &nbsp; &nbsp; &nbsp; &nbsp; &nbsp; &nbsp; &nbsp; &nbsp; &nbsp; <span style=\"font-size: 10pt;\">&nbsp;Pierre Soulages<\/span><\/span><\/p>\n<p>&nbsp;<\/p>\n<\/div><\/div><\/li><li class=\"content_slide slide clearfix\"><div class=\"content_slide_inner\" style=\"width: 60%\"><div class=\"content-slide-content\"><p>&nbsp;<\/p>\n<p style=\"text-align: center;\"><span style=\"font-size: 14pt; line-height: 1.8; color: #efefef;\">\u00ab\u00a0Why black? Because.\u00a0\u00bb<\/span><\/p>\n<p style=\"text-align: center;\"><span style=\"color: #ffffff;\">Pierre Soulages<\/span><\/p>\n<\/div><\/div><\/li><li class=\"content_slide slide clearfix\"><div class=\"content_slide_inner\" style=\"width: 60%\"><div class=\"content-slide-content\"><p>&nbsp;<\/p>\n<p style=\"text-align: center;\"><span style=\"font-size: 14pt; line-height: 1.8; color: #efefef;\">\u00ab\u00a0Nicht mehr die Farbe, sondern die Reflexion des Lichts.\u00a0\u00bb<\/span><\/p>\n<p style=\"text-align: center;\"><span style=\"font-size: 10pt; color: #ffffff;\">Pierre Soulages<\/span><\/p>\n<\/div><\/div><\/li><\/ul><\/div><\/div><\/div><\/div><\/div><\/div><\/div><ul class=\"wwm_social_share wwm_top_left\"><li class=\"wwm_facebook\"><\/li><li class=\"wwm_twitter\"><\/li><li class=\"wwm_gplus\"><\/li><li class=\"wwm_pinit\"><\/li><li class=\"wwm_tumblr\"><\/li><li class=\"wwm_linked\"><\/li><\/ul><input type=\"hidden\" id=\"wwm_short_url\" value=\"\"\/><input type=\"hidden\" id=\"force_fix\" value=\"0\" \/><input type=\"hidden\" id=\"exclude_include_class\" value=\"\"\/><input type=\"hidden\" id=\"exclude_class\" value=\"\"\/><input type=\"hidden\" id=\"exclude_image\" value=\"\"\/><input type=\"hidden\" id=\"include_class\" value=\"\"\/><input type=\"hidden\" id=\"share_width\" value=\"150\"\/><input type=\"hidden\" id=\"wwm_mode\" value=\"0\"\/>","protected":false},"excerpt":{"rendered":"<p>COLLECTION FOR SONS by Audrey ZaninEffets Sonores developped a new collection for our most precious little men! The organic and sustainable high-quality fabrics are chosen with a lot of care [&hellip;]<\/p>\n<p><a href=\"https:\/\/audreyzanin.com\/fr\/portfolio\/collection-for-sons\/\" class=\"more-link style1-button\">Read More<\/a><\/p>","protected":false},"author":1,"featured_media":0,"parent":0,"menu_order":0,"comment_status":"open","ping_status":"closed","template":"","meta":{"footnotes":""},"class_list":["post-2793","page","type-page","status-publish","hentry"],"_links":{"self":[{"href":"https:\/\/audreyzanin.com\/fr\/wp-json\/wp\/v2\/pages\/2793","targetHints":{"allow":["GET"]}}],"collection":[{"href":"https:\/\/audreyzanin.com\/fr\/wp-json\/wp\/v2\/pages"}],"about":[{"href":"https:\/\/audreyzanin.com\/fr\/wp-json\/wp\/v2\/types\/page"}],"author":[{"embeddable":true,"href":"https:\/\/audreyzanin.com\/fr\/wp-json\/wp\/v2\/users\/1"}],"replies":[{"embeddable":true,"href":"https:\/\/audreyzanin.com\/fr\/wp-json\/wp\/v2\/comments?post=2793"}],"version-history":[{"count":17,"href":"https:\/\/audreyzanin.com\/fr\/wp-json\/wp\/v2\/pages\/2793\/revisions"}],"predecessor-version":[{"id":3688,"href":"https:\/\/audreyzanin.com\/fr\/wp-json\/wp\/v2\/pages\/2793\/revisions\/3688"}],"wp:attachment":[{"href":"https:\/\/audreyzanin.com\/fr\/wp-json\/wp\/v2\/media?parent=2793"}],"curies":[{"name":"wp","href":"https:\/\/api.w.org\/{rel}","templated":true}]}}