{"id":2734,"date":"2014-10-19T05:22:48","date_gmt":"2014-10-19T05:22:48","guid":{"rendered":"http:\/\/www.brandexponents.com\/oshin\/v2\/?page_id=2734"},"modified":"2016-11-23T09:29:25","modified_gmt":"2016-11-23T09:29:25","slug":"about-me","status":"publish","type":"page","link":"https:\/\/audreyzanin.com\/fr\/about-me\/","title":{"rendered":"AUDREY ZANIN"},"content":{"rendered":"<p><span style=\"font-size: 18pt;\"><strong>Un parcours atypique<\/strong> \u00a0<\/span><\/p>\n<p><img loading=\"lazy\" decoding=\"async\" class=\"wp-image-3450 alignright\" src=\"http:\/\/audreyzanin.com\/wp-content\/uploads\/2014\/10\/IMG_5641-min.jpg\" alt=\"img_5641-min\" width=\"323\" height=\"485\" srcset=\"https:\/\/audreyzanin.com\/wp-content\/uploads\/2014\/10\/IMG_5641-min.jpg 2592w, https:\/\/audreyzanin.com\/wp-content\/uploads\/2014\/10\/IMG_5641-min-200x300.jpg 200w, https:\/\/audreyzanin.com\/wp-content\/uploads\/2014\/10\/IMG_5641-min-768x1152.jpg 768w, https:\/\/audreyzanin.com\/wp-content\/uploads\/2014\/10\/IMG_5641-min-683x1024.jpg 683w, https:\/\/audreyzanin.com\/wp-content\/uploads\/2014\/10\/IMG_5641-min-33x50.jpg 33w, https:\/\/audreyzanin.com\/wp-content\/uploads\/2014\/10\/IMG_5641-min-650x975.jpg 650w, https:\/\/audreyzanin.com\/wp-content\/uploads\/2014\/10\/IMG_5641-min-1000x1500.jpg 1000w\" sizes=\"auto, (max-width: 323px) 100vw, 323px\" \/><\/p>\n<p class=\"paragraph_style_1\"><span class=\"style_1\" style=\"font-size: 14pt;\">Audrey Zanin a commenc\u00e9 sa carri\u00e8re dans le d\u00e9veloppement de sa marque de mode masculine fran\u00e7aise en 2009.<br \/>\n<\/span><\/p>\n<p class=\"paragraph_style_1\"><span class=\"style_1\" style=\"font-size: 14pt;\">Dipl\u00f4m\u00e9e en Histoire, G\u00e9ographie et Philosophie \u00e0 l&rsquo;Universit\u00e9 de Paris I, Panth\u00e9on-Sorbonne, devenue enseignante, Audrey Zanin a parall\u00e8lement privil\u00e9gi\u00e9 une carri\u00e8re artistique.<br \/>\n<\/span><\/p>\n<p class=\"paragraph_style_1\"><span class=\"style_1\" style=\"font-size: 14pt;\">Musicienne (Conservatoire en piano et solf\u00e8ge, composition musicale, notamment pour le th\u00e9\u00e2tre), passionn\u00e9e de dessin (Conservatoire National), de photographie en amateur, son int\u00e9r\u00eat pour la couture s&rsquo;est r\u00e9v\u00e9l\u00e9 tardivement, en parall\u00e8le de la d\u00e9couverte du travail du son et de la composition musicale par informatique. La passion et la pratique de l&rsquo;image et du son ont ainsi fusionn\u00e9 dans la cr\u00e9ation de sa marque ((((EFFETS SONORES)))).<br \/>\n<\/span><\/p>\n<p class=\"paragraph_style_1\"><span class=\"style_1\"><span style=\"font-size: 14pt;\">C&rsquo;est \u00e0 travers le dessin des mod\u00e8les, les choix des tissus, la formation aux techniques classiques de stylisme que ses projets artistiques se sont rencontr\u00e9s en s&rsquo;enrichissant, par ailleurs, de formations sur le travail des \u00e9nergies corporelles.<\/span><br \/>\n<\/span><\/p>\n<p class=\"paragraph_style_1\"><span class=\"style_1\" style=\"font-size: 14pt;\">La vibration sonore mise en image r\u00e9v\u00e8le l&rsquo;\u00e9nergie du corps masculin.<br \/>\n<\/span><\/p>\n<div><\/div>\n<p>&nbsp;<\/p>\n<ul class=\"wwm_social_share wwm_top_left\"><li class=\"wwm_facebook\"><\/li><li class=\"wwm_twitter\"><\/li><li class=\"wwm_gplus\"><\/li><li class=\"wwm_pinit\"><\/li><li class=\"wwm_tumblr\"><\/li><li class=\"wwm_linked\"><\/li><\/ul><input type=\"hidden\" id=\"wwm_short_url\" value=\"\"\/><input type=\"hidden\" id=\"force_fix\" value=\"0\" \/><input type=\"hidden\" id=\"exclude_include_class\" value=\"\"\/><input type=\"hidden\" id=\"exclude_class\" value=\"\"\/><input type=\"hidden\" id=\"exclude_image\" value=\"\"\/><input type=\"hidden\" id=\"include_class\" value=\"\"\/><input type=\"hidden\" id=\"share_width\" value=\"150\"\/><input type=\"hidden\" id=\"wwm_mode\" value=\"0\"\/>","protected":false},"excerpt":{"rendered":"<p>Un parcours atypique \u00a0 Audrey Zanin a commenc\u00e9 sa carri\u00e8re dans le d\u00e9veloppement de sa marque de mode masculine fran\u00e7aise en 2009. Dipl\u00f4m\u00e9e en Histoire, G\u00e9ographie et Philosophie \u00e0 l&rsquo;Universit\u00e9 [&hellip;]<\/p>\n<p><a href=\"https:\/\/audreyzanin.com\/fr\/about-me\/\" class=\"more-link style1-button\">Read More<\/a><\/p>","protected":false},"author":1,"featured_media":0,"parent":0,"menu_order":0,"comment_status":"open","ping_status":"closed","template":"","meta":{"footnotes":""},"class_list":["post-2734","page","type-page","status-publish","hentry"],"_links":{"self":[{"href":"https:\/\/audreyzanin.com\/fr\/wp-json\/wp\/v2\/pages\/2734","targetHints":{"allow":["GET"]}}],"collection":[{"href":"https:\/\/audreyzanin.com\/fr\/wp-json\/wp\/v2\/pages"}],"about":[{"href":"https:\/\/audreyzanin.com\/fr\/wp-json\/wp\/v2\/types\/page"}],"author":[{"embeddable":true,"href":"https:\/\/audreyzanin.com\/fr\/wp-json\/wp\/v2\/users\/1"}],"replies":[{"embeddable":true,"href":"https:\/\/audreyzanin.com\/fr\/wp-json\/wp\/v2\/comments?post=2734"}],"version-history":[{"count":8,"href":"https:\/\/audreyzanin.com\/fr\/wp-json\/wp\/v2\/pages\/2734\/revisions"}],"predecessor-version":[{"id":3459,"href":"https:\/\/audreyzanin.com\/fr\/wp-json\/wp\/v2\/pages\/2734\/revisions\/3459"}],"wp:attachment":[{"href":"https:\/\/audreyzanin.com\/fr\/wp-json\/wp\/v2\/media?parent=2734"}],"curies":[{"name":"wp","href":"https:\/\/api.w.org\/{rel}","templated":true}]}}