{"id":3491,"date":"2016-11-28T09:45:55","date_gmt":"2016-11-28T09:45:55","guid":{"rendered":"http:\/\/audreyzanin.com\/?page_id=3491"},"modified":"2018-09-18T16:00:58","modified_gmt":"2018-09-18T16:00:58","slug":"history","status":"publish","type":"page","link":"https:\/\/audreyzanin.com\/de\/history\/","title":{"rendered":"FIRMENGESCHICHTE"},"content":{"rendered":"<p><span style=\"font-size: 14pt;\">Die Marke EFFETS SONORES wurde von Audrey Zanin in 2009 gegr\u00fcndet.<\/span><\/p>\n<p><span style=\"font-size: 14pt;\">Unsere Produkte werden exclusiv in Paris produziert.<\/span><\/p>\n<p><span style=\"font-size: 14pt;\">In der Zeit hat die Marke an viele Modemessen teilgenommen, und hat auch mit ber\u00fchmte Einrichtungen und Ereignisse gearbeitet.<\/span><\/p>\n<p><span style=\"font-size: 14pt;\">EFFETS SONORES hat mit dem Hotel Murano Resort Paris (K1) zusammengearbeitet sowie mit verschiedene europaweit ber\u00fchmte K\u00fcnstler. Maler, Musiker von viele verschiedene Bereiche von Klassik bis Elektro &#8211; Musik, Schauspieler, Designer, Architekten etc, haben sie sich f\u00fcr EFFETS SONORES entschieden f\u00fcr ihre Shows, Konzerten, Ausstellungser\u00f6ffnungen, Mediengespr\u00e4ch&#8230; und auch einfach viel M\u00e4nner die etwas besonders tragen m\u00f6chten um ihre eigene Pers\u00f6nlichkeit auszudr\u00fccken.<\/span><\/p>\n<p style=\"text-align: center;\"><span style=\"font-size: 14pt;\"><img loading=\"lazy\" decoding=\"async\" class=\"size-full wp-image-3444 aligncenter\" src=\"http:\/\/audreyzanin.com\/wp-content\/uploads\/2016\/11\/shapeimage_2.jpg\" alt=\"shapeimage_2\" width=\"390\" height=\"293\" srcset=\"https:\/\/audreyzanin.com\/wp-content\/uploads\/2016\/11\/shapeimage_2.jpg 390w, https:\/\/audreyzanin.com\/wp-content\/uploads\/2016\/11\/shapeimage_2-300x225.jpg 300w, https:\/\/audreyzanin.com\/wp-content\/uploads\/2016\/11\/shapeimage_2-67x50.jpg 67w\" sizes=\"auto, (max-width: 390px) 100vw, 390px\" \/>\u00a0 \u00a0 \u00a0 \u00a0 \u00a0 \u00a0 \u00a0 \u00a0 \u00a0 \u00a0 \u00a0 \u00a0 \u00a0\u00a0<span style=\"font-size: 10pt;\">\u00a0Der Quatuor Tana, in EFFETS SONORES angezogen, spielt Arvo P\u00e4rt in Li\u00e8ges, Belgien,\u00a0bei dem Meister h\u00f6chstpers\u00f6nlich trainiert und dirigiert<\/span><\/span><\/p>\n<p style=\"text-align: center;\"><span style=\"font-size: 14pt;\"><img loading=\"lazy\" decoding=\"async\" class=\"size-full wp-image-3442 aligncenter\" src=\"http:\/\/audreyzanin.com\/wp-content\/uploads\/2016\/11\/droppedImage.jpg\" alt=\"droppedimage\" width=\"321\" height=\"490\" srcset=\"https:\/\/audreyzanin.com\/wp-content\/uploads\/2016\/11\/droppedImage.jpg 321w, https:\/\/audreyzanin.com\/wp-content\/uploads\/2016\/11\/droppedImage-197x300.jpg 197w, https:\/\/audreyzanin.com\/wp-content\/uploads\/2016\/11\/droppedImage-33x50.jpg 33w\" sizes=\"auto, (max-width: 321px) 100vw, 321px\" \/><\/span><\/p>\n<p style=\"text-align: center;\"><span style=\"font-size: 10pt;\">\u00a0 \u00a0 \u00a0 \u00a0 \u00a0 \u00a0 \u00a0 \u00a0 \u00a0 \u00a0 Der Juwelen Designer und Creative Director Quentin Obadia\u00a0<\/span><span style=\"font-size: 10pt;\">tr\u00e4gt EFFETS SONORES<\/span><\/p>\n<p><span style=\"font-size: 14pt;\">EFFETS SONORES erste Modenshow fand in die pariser Nomad Gallery in 2010 statt, der zweite an der Gala von die ber\u00fchmte Ecole Polytechnique vor mehr als 7000 Personen.<\/span><\/p>\n<p><span style=\"font-size: 14pt;\"><img loading=\"lazy\" decoding=\"async\" class=\"wp-image-3445 aligncenter\" src=\"http:\/\/audreyzanin.com\/wp-content\/uploads\/2016\/11\/DSC0375-min.jpg\" alt=\"_dsc0375-min\" width=\"280\" height=\"420\" srcset=\"https:\/\/audreyzanin.com\/wp-content\/uploads\/2016\/11\/DSC0375-min.jpg 3024w, https:\/\/audreyzanin.com\/wp-content\/uploads\/2016\/11\/DSC0375-min-200x300.jpg 200w, https:\/\/audreyzanin.com\/wp-content\/uploads\/2016\/11\/DSC0375-min-768x1154.jpg 768w, https:\/\/audreyzanin.com\/wp-content\/uploads\/2016\/11\/DSC0375-min-681x1024.jpg 681w, https:\/\/audreyzanin.com\/wp-content\/uploads\/2016\/11\/DSC0375-min-33x50.jpg 33w, https:\/\/audreyzanin.com\/wp-content\/uploads\/2016\/11\/DSC0375-min-650x977.jpg 650w, https:\/\/audreyzanin.com\/wp-content\/uploads\/2016\/11\/DSC0375-min-1000x1503.jpg 1000w\" sizes=\"auto, (max-width: 280px) 100vw, 280px\" \/><\/span><\/p>\n<p><span style=\"font-size: 14pt;\">In dezember 2011 wurde die Marke von eine franz\u00f6siche-chinesische Event- Moden-Agentur ausgew\u00e4hlt. Die wurde einige ausgew\u00e4hlte europaische Fashiondesigners in China f\u00f6rdern.<\/span><\/p>\n<p><span style=\"font-size: 14pt;\">In April 2012 hat die Marke an die International Fashion Week T-Force in Guangzhou China teilgenommen.<\/span><\/p>\n<p><span style=\"font-size: 14pt;\"><img decoding=\"async\" class=\"size-full wp-image-3446 aligncenter\" src=\"http:\/\/audreyzanin.com\/wp-content\/uploads\/2016\/11\/TForce.tiff\" alt=\"tforce\" \/><\/span><\/p>\n<p><span style=\"font-size: 14pt;\">In July 2012 wurde die Marke an den 12. Shenzhen Fashion Fair \u00ab\u00a0What&#8217;s Yours\u00a0\u00bb in China vertreten.<\/span><\/p>\n<p><span style=\"font-size: 14pt;\"><img loading=\"lazy\" decoding=\"async\" class=\"aligncenter size-full wp-image-3441\" src=\"http:\/\/audreyzanin.com\/wp-content\/uploads\/2016\/11\/droppedImage_2.jpg\" alt=\"droppedimage_2\" width=\"389\" height=\"256\" srcset=\"https:\/\/audreyzanin.com\/wp-content\/uploads\/2016\/11\/droppedImage_2.jpg 389w, https:\/\/audreyzanin.com\/wp-content\/uploads\/2016\/11\/droppedImage_2-300x197.jpg 300w, https:\/\/audreyzanin.com\/wp-content\/uploads\/2016\/11\/droppedImage_2-76x50.jpg 76w\" sizes=\"auto, (max-width: 389px) 100vw, 389px\" \/><\/span><\/p>\n<p><span style=\"font-size: 14pt;\">In April 2013 wurde die Marke an eine franz\u00f6sische nazionale Radioshow (BFM Business \u00ab\u00a0Go\u00fbts de Luxe\u00a0\u00bb \u00fcber die jungen auftrebenden Modedesigners f\u00fcr M\u00e4nner) eingeladet um einen 15 Minuten Interview zu beantworten.<\/span><\/p>\n<p><span style=\"font-size: 14pt;\"><img loading=\"lazy\" decoding=\"async\" class=\"wp-image-3407 aligncenter\" src=\"http:\/\/audreyzanin.com\/wp-content\/uploads\/2013\/10\/IMG_9009.png\" alt=\"img_9009\" width=\"522\" height=\"294\" srcset=\"https:\/\/audreyzanin.com\/wp-content\/uploads\/2013\/10\/IMG_9009.png 1136w, https:\/\/audreyzanin.com\/wp-content\/uploads\/2013\/10\/IMG_9009-300x169.png 300w, https:\/\/audreyzanin.com\/wp-content\/uploads\/2013\/10\/IMG_9009-768x433.png 768w, https:\/\/audreyzanin.com\/wp-content\/uploads\/2013\/10\/IMG_9009-1024x577.png 1024w, https:\/\/audreyzanin.com\/wp-content\/uploads\/2013\/10\/IMG_9009-89x50.png 89w, https:\/\/audreyzanin.com\/wp-content\/uploads\/2013\/10\/IMG_9009-650x366.png 650w, https:\/\/audreyzanin.com\/wp-content\/uploads\/2013\/10\/IMG_9009-1000x563.png 1000w\" sizes=\"auto, (max-width: 522px) 100vw, 522px\" \/><\/span><\/p>\n<p><span style=\"font-size: 14pt;\">Die Designerin ist von Paris nach Deutschland, Stuttgart, umgezogen. Das Label wurde in 2016 in Deutschland ebenso etabliert. Seitdem hat das Label an mehreren Hochzeits- und Designermessen teilgenommen, und bietet Aufma\u00df-Mode von exklusiven Designs, sowie neue Kollektionen f\u00fcr professionelle Messen und Retail an.<\/span><\/p>\n<p class=\"paragraph_style_2\"><span style=\"font-size: 14pt;\">\u00a0<\/span><\/p>\n<p><\/p>\n<ul class=\"wwm_social_share wwm_top_left\"><li class=\"wwm_facebook\"><\/li><li class=\"wwm_twitter\"><\/li><li class=\"wwm_gplus\"><\/li><li class=\"wwm_pinit\"><\/li><li class=\"wwm_tumblr\"><\/li><li class=\"wwm_linked\"><\/li><\/ul><input type=\"hidden\" id=\"wwm_short_url\" value=\"\"\/><input type=\"hidden\" id=\"force_fix\" value=\"0\" \/><input type=\"hidden\" id=\"exclude_include_class\" value=\"\"\/><input type=\"hidden\" id=\"exclude_class\" value=\"\"\/><input type=\"hidden\" id=\"exclude_image\" value=\"\"\/><input type=\"hidden\" id=\"include_class\" value=\"\"\/><input type=\"hidden\" id=\"share_width\" value=\"150\"\/><input type=\"hidden\" id=\"wwm_mode\" value=\"0\"\/>","protected":false},"excerpt":{"rendered":"<p>Die Marke EFFETS SONORES wurde von Audrey Zanin in 2009 gegr\u00fcndet. Unsere Produkte werden exclusiv in Paris produziert. In der Zeit hat die Marke an viele Modemessen teilgenommen, und hat [&hellip;]<\/p>\n<p><a href=\"https:\/\/audreyzanin.com\/de\/history\/\" class=\"more-link style1-button\">Weiterlesen<\/a><\/p>","protected":false},"author":1,"featured_media":0,"parent":0,"menu_order":0,"comment_status":"open","ping_status":"closed","template":"","meta":{"footnotes":""},"class_list":["post-3491","page","type-page","status-publish","hentry"],"_links":{"self":[{"href":"https:\/\/audreyzanin.com\/de\/wp-json\/wp\/v2\/pages\/3491","targetHints":{"allow":["GET"]}}],"collection":[{"href":"https:\/\/audreyzanin.com\/de\/wp-json\/wp\/v2\/pages"}],"about":[{"href":"https:\/\/audreyzanin.com\/de\/wp-json\/wp\/v2\/types\/page"}],"author":[{"embeddable":true,"href":"https:\/\/audreyzanin.com\/de\/wp-json\/wp\/v2\/users\/1"}],"replies":[{"embeddable":true,"href":"https:\/\/audreyzanin.com\/de\/wp-json\/wp\/v2\/comments?post=3491"}],"version-history":[{"count":8,"href":"https:\/\/audreyzanin.com\/de\/wp-json\/wp\/v2\/pages\/3491\/revisions"}],"predecessor-version":[{"id":3591,"href":"https:\/\/audreyzanin.com\/de\/wp-json\/wp\/v2\/pages\/3491\/revisions\/3591"}],"wp:attachment":[{"href":"https:\/\/audreyzanin.com\/de\/wp-json\/wp\/v2\/media?parent=3491"}],"curies":[{"name":"wp","href":"https:\/\/api.w.org\/{rel}","templated":true}]}}