{"id":3460,"date":"2016-11-23T09:38:24","date_gmt":"2016-11-23T09:38:24","guid":{"rendered":"http:\/\/audreyzanin.com\/?page_id=3460"},"modified":"2017-01-08T23:12:57","modified_gmt":"2017-01-08T23:12:57","slug":"inspirations","status":"publish","type":"page","link":"https:\/\/audreyzanin.com\/de\/inspirations\/","title":{"rendered":"INSPIRATION"},"content":{"rendered":"<p><span style=\"font-size: 14pt;\"><strong>Der Pariser Chic durch Uniform und Sound Wellen Inspiration!<\/strong><\/span><\/p>\n<p>&nbsp;<\/p>\n<p><span style=\"font-size: 14pt;\">Die Inspiration von Audrey Zanin besteht darin das Uniform Design zu verbinden mit dem pariser Chic.<\/span><\/p>\n<p><span style=\"font-size: 14pt;\">Die Vielseitigkeit in welcher die Kleidungsst\u00fccke getragen werden, ist spielerisch im eleganten Design. Die maskulinen Linien werden durch den Einflu\u00df der Uniform und die vielseitigen Tragevariationen hevorgehoben und durch den urban chic Stil veredelt.<\/span><\/p>\n<p><span style=\"font-size: 14pt;\">Die Materialien sind hochwertig und zeitgem\u00e4\u00df, der Mix aus dem Uniform Design und dem pariser urban Stil chic spiegelt die St\u00e4rke und die Sanftm\u00fctigkeit des Mannes wieder.<\/span><\/p>\n<p><span style=\"font-size: 14pt;\">Weiterhin die Kunst des Malers Pierre Soulages, der mit dicke schwarze Malfarbe das Licht in Wellen wiederspiegelt, beeinflu\u00dft das Design von EFFETS SONORES : die wichtigste Inspiration f\u00fcr unser Design ist die Vibration die man in Farben, Muster und Schu\u00dff\u00e4den des Stoffes finden kann. In Verbindung mit der Vibration des Soundes und deren Effekte stellen diese die Inspiration und das dadurch enstandene Design von EFFETS SONORES dar.<\/span><\/p>\n<p><span style=\"font-size: 14pt;\">Durch die Auswahl an hochwertigen Stoffen und Accessoires kann man seine\u00a0eigenen W\u00fcnsche und Vorlieben mit einbringen um seine eigene Pers\u00f6nlichkeit auszudr\u00fccken. Das inovative und nachhaltige Design ist verbunden mit einer edlen Qualit\u00e4t und traditionellem Handwerk.<\/span><\/p>\n<p>&nbsp;<\/p>\n<ul class=\"wwm_social_share wwm_top_left\"><li class=\"wwm_facebook\"><\/li><li class=\"wwm_twitter\"><\/li><li class=\"wwm_gplus\"><\/li><li class=\"wwm_pinit\"><\/li><li class=\"wwm_tumblr\"><\/li><li class=\"wwm_linked\"><\/li><\/ul><input type=\"hidden\" id=\"wwm_short_url\" value=\"\"\/><input type=\"hidden\" id=\"force_fix\" value=\"0\" \/><input type=\"hidden\" id=\"exclude_include_class\" value=\"\"\/><input type=\"hidden\" id=\"exclude_class\" value=\"\"\/><input type=\"hidden\" id=\"exclude_image\" value=\"\"\/><input type=\"hidden\" id=\"include_class\" value=\"\"\/><input type=\"hidden\" id=\"share_width\" value=\"150\"\/><input type=\"hidden\" id=\"wwm_mode\" value=\"0\"\/>","protected":false},"excerpt":{"rendered":"<p>Der Pariser Chic durch Uniform und Sound Wellen Inspiration! &nbsp; Die Inspiration von Audrey Zanin besteht darin das Uniform Design zu verbinden mit dem pariser Chic. Die Vielseitigkeit in welcher [&hellip;]<\/p>\n<p><a href=\"https:\/\/audreyzanin.com\/de\/inspirations\/\" class=\"more-link style1-button\">Weiterlesen<\/a><\/p>","protected":false},"author":1,"featured_media":0,"parent":0,"menu_order":0,"comment_status":"open","ping_status":"closed","template":"","meta":{"footnotes":""},"class_list":["post-3460","page","type-page","status-publish","hentry"],"_links":{"self":[{"href":"https:\/\/audreyzanin.com\/de\/wp-json\/wp\/v2\/pages\/3460","targetHints":{"allow":["GET"]}}],"collection":[{"href":"https:\/\/audreyzanin.com\/de\/wp-json\/wp\/v2\/pages"}],"about":[{"href":"https:\/\/audreyzanin.com\/de\/wp-json\/wp\/v2\/types\/page"}],"author":[{"embeddable":true,"href":"https:\/\/audreyzanin.com\/de\/wp-json\/wp\/v2\/users\/1"}],"replies":[{"embeddable":true,"href":"https:\/\/audreyzanin.com\/de\/wp-json\/wp\/v2\/comments?post=3460"}],"version-history":[{"count":8,"href":"https:\/\/audreyzanin.com\/de\/wp-json\/wp\/v2\/pages\/3460\/revisions"}],"predecessor-version":[{"id":3509,"href":"https:\/\/audreyzanin.com\/de\/wp-json\/wp\/v2\/pages\/3460\/revisions\/3509"}],"wp:attachment":[{"href":"https:\/\/audreyzanin.com\/de\/wp-json\/wp\/v2\/media?parent=3460"}],"curies":[{"name":"wp","href":"https:\/\/api.w.org\/{rel}","templated":true}]}}