{"id":2734,"date":"2014-10-19T05:22:48","date_gmt":"2014-10-19T05:22:48","guid":{"rendered":"http:\/\/www.brandexponents.com\/oshin\/v2\/?page_id=2734"},"modified":"2016-11-23T09:29:25","modified_gmt":"2016-11-23T09:29:25","slug":"about-me","status":"publish","type":"page","link":"https:\/\/audreyzanin.com\/de\/about-me\/","title":{"rendered":"AUDREY ZANIN"},"content":{"rendered":"<p><span style=\"font-size: 18pt;\"><strong>Eine ungew\u00f6hnliche Karriere<\/strong><\/span><br \/>\n<img loading=\"lazy\" decoding=\"async\" class=\"wp-image-3450 alignright\" src=\"http:\/\/audreyzanin.com\/wp-content\/uploads\/2014\/10\/IMG_5641-min.jpg\" alt=\"img_5641-min\" width=\"366\" height=\"548\" srcset=\"https:\/\/audreyzanin.com\/wp-content\/uploads\/2014\/10\/IMG_5641-min.jpg 2592w, https:\/\/audreyzanin.com\/wp-content\/uploads\/2014\/10\/IMG_5641-min-200x300.jpg 200w, https:\/\/audreyzanin.com\/wp-content\/uploads\/2014\/10\/IMG_5641-min-768x1152.jpg 768w, https:\/\/audreyzanin.com\/wp-content\/uploads\/2014\/10\/IMG_5641-min-683x1024.jpg 683w, https:\/\/audreyzanin.com\/wp-content\/uploads\/2014\/10\/IMG_5641-min-33x50.jpg 33w, https:\/\/audreyzanin.com\/wp-content\/uploads\/2014\/10\/IMG_5641-min-650x975.jpg 650w, https:\/\/audreyzanin.com\/wp-content\/uploads\/2014\/10\/IMG_5641-min-1000x1500.jpg 1000w\" sizes=\"auto, (max-width: 366px) 100vw, 366px\" \/><\/p>\n<div>\n<p><span style=\"font-size: 14pt;\">Audrey Zanin startete ihre Modekarriere mit der Gr\u00fcndung und Entwicklung ihres eigenen Modelabels f\u00fcr M\u00e4nner in 2009.<\/span><\/p>\n<p><span style=\"font-size: 14pt;\">Sie schloss die pariser Universit\u00e9 La Sorbonne in Geisteswissenschaften (Geschichte, Geographie und Philosophie) ab und wurde Lehrerin. Jahre sp\u00e4ter, machte Sie Ihre Leidenschaft f\u00fcr Kunst und Mode zum Beruf.<\/span><\/p>\n<p><span style=\"font-size: 14pt;\">Ihre Leidenschaft und ihr Interesse an Musik, Kunst, Photographie und Mode hat Sie sp\u00e4t entdeckt. In der Gr\u00fcndung des eigenen Modelabes ((((EFFETS SONORES)))) ( Sound Effekte ) spiegelt sich die Verwirklichung Ihrer Leidenschaft vom Zusammenspiel zwischen Kunst, Sound-Management und Mode wieder.<\/span><\/p>\n<p><span style=\"font-size: 14pt;\">Ihre F\u00e4higkeiten in den Bereichen Kunst, Musik, Photographie und Mode verschmolzen und sind der Grundstein des einzigartigen Design von ((((EFFETS SONORES)))).<\/span><\/p>\n<p><span style=\"font-size: 14pt;\">Die Inspiration der Sound Vibrationen bestimmen das Design ihrer Kleidest\u00fccke und setzen die m\u00e4nnliche K\u00f6rperenergie frei.<\/span><\/p>\n<p><span style=\"font-size: 14pt;\">Durch Ihr Know-how, ihre langj\u00e4hrige Erfahrung und Ihrer guten Kontakte in die pariser Modebranche kann Sie auf eine Vielfalt an Stoffen und Accessoires zur\u00fcckgreifen und jedem Kunden so ein einzigartiges Kleidungst\u00fcck kreieren.<\/span><\/p>\n<p><span style=\"font-size: 14pt;\">Audrey Zanin hat sich entschieden f\u00fcr die M\u00e4nner zu kreiren weil dieser Modebereich l\u00e4sst noch viel Platz f\u00fcr die Fantasie zu arbeiten. Die starken und reine m\u00e4nnliche K\u00f6rperlinie inspieren Audrey Zanin f\u00fcr die Entwicklung von neue Designs, die St\u00e4rke und Sanftm\u00fctigkeit oder auch Spiritualit\u00e4t zusammenbringen \/einbeziehen. Die sind genau die neue Waffen des heutigen Stadtm\u00e4nners.<\/span><\/p>\n<\/div>\n<p><\/p>\n<ul class=\"wwm_social_share wwm_top_left\"><li class=\"wwm_facebook\"><\/li><li class=\"wwm_twitter\"><\/li><li class=\"wwm_gplus\"><\/li><li class=\"wwm_pinit\"><\/li><li class=\"wwm_tumblr\"><\/li><li class=\"wwm_linked\"><\/li><\/ul><input type=\"hidden\" id=\"wwm_short_url\" value=\"\"\/><input type=\"hidden\" id=\"force_fix\" value=\"0\" \/><input type=\"hidden\" id=\"exclude_include_class\" value=\"\"\/><input type=\"hidden\" id=\"exclude_class\" value=\"\"\/><input type=\"hidden\" id=\"exclude_image\" value=\"\"\/><input type=\"hidden\" id=\"include_class\" value=\"\"\/><input type=\"hidden\" id=\"share_width\" value=\"150\"\/><input type=\"hidden\" id=\"wwm_mode\" value=\"0\"\/>","protected":false},"excerpt":{"rendered":"<p>Eine ungew\u00f6hnliche Karriere Audrey Zanin startete ihre Modekarriere mit der Gr\u00fcndung und Entwicklung ihres eigenen Modelabels f\u00fcr M\u00e4nner in 2009. Sie schloss die pariser Universit\u00e9 La Sorbonne in Geisteswissenschaften (Geschichte, [&hellip;]<\/p>\n<p><a href=\"https:\/\/audreyzanin.com\/de\/about-me\/\" class=\"more-link style1-button\">Weiterlesen<\/a><\/p>","protected":false},"author":1,"featured_media":0,"parent":0,"menu_order":0,"comment_status":"open","ping_status":"closed","template":"","meta":{"footnotes":""},"class_list":["post-2734","page","type-page","status-publish","hentry"],"_links":{"self":[{"href":"https:\/\/audreyzanin.com\/de\/wp-json\/wp\/v2\/pages\/2734","targetHints":{"allow":["GET"]}}],"collection":[{"href":"https:\/\/audreyzanin.com\/de\/wp-json\/wp\/v2\/pages"}],"about":[{"href":"https:\/\/audreyzanin.com\/de\/wp-json\/wp\/v2\/types\/page"}],"author":[{"embeddable":true,"href":"https:\/\/audreyzanin.com\/de\/wp-json\/wp\/v2\/users\/1"}],"replies":[{"embeddable":true,"href":"https:\/\/audreyzanin.com\/de\/wp-json\/wp\/v2\/comments?post=2734"}],"version-history":[{"count":8,"href":"https:\/\/audreyzanin.com\/de\/wp-json\/wp\/v2\/pages\/2734\/revisions"}],"predecessor-version":[{"id":3459,"href":"https:\/\/audreyzanin.com\/de\/wp-json\/wp\/v2\/pages\/2734\/revisions\/3459"}],"wp:attachment":[{"href":"https:\/\/audreyzanin.com\/de\/wp-json\/wp\/v2\/media?parent=2734"}],"curies":[{"name":"wp","href":"https:\/\/api.w.org\/{rel}","templated":true}]}}