{"id":3460,"date":"2016-11-23T09:38:24","date_gmt":"2016-11-23T09:38:24","guid":{"rendered":"http:\/\/audreyzanin.com\/?page_id=3460"},"modified":"2017-01-08T23:12:57","modified_gmt":"2017-01-08T23:12:57","slug":"inspirations","status":"publish","type":"page","link":"http:\/\/audreyzanin.com\/fr\/inspirations\/","title":{"rendered":"INSPIRATIONS"},"content":{"rendered":"<p><span style=\"font-size: 14pt;\"><strong>Des lignes pures qui ouvrent le champ \u00e0 la vibration sonore!<\/strong><\/span><\/p>\n<p>&nbsp;<\/p>\n<p class=\"paragraph_style_1\"><span class=\"style_6\" style=\"font-size: 14pt;\">Ludiques, modulables, \u00e9pur\u00e9s, les mod\u00e8les mettent en valeur les lignes masculines et induisent une gestuelle pour les rev\u00eatir qui rappelle un rituel guerrier, conqu\u00e9rant, tr\u00e8s masculin.<br \/>\n<\/span><\/p>\n<p class=\"paragraph_style_1\"><span class=\"style_6\" style=\"font-size: 14pt;\">L&rsquo;\u00e9vocation virile de l&rsquo;uniforme c\u00f4toie, dans les lignes EFFETS SONORES le d\u00e9tournement des codes et un choix de mati\u00e8res contemporaines qui adaptent l&rsquo;esprit militaire \u00e0 un style urbain pointu.<br \/>\n<\/span><\/p>\n<p class=\"paragraph_style_1\"><span class=\"style_6\" style=\"font-size: 14pt;\">Les mod\u00e8les associent des mati\u00e8res, des textures et des couleurs qui expriment la personnalit\u00e9, le charisme, la d\u00e9termination masculines.<br \/>\n<\/span><\/p>\n<p class=\"paragraph_style_1\"><span class=\"style_6\" style=\"font-size: 14pt;\">Inspir\u00e9e par le peintre Pierre Soulages, qui joue avec les ondulations r\u00e9p\u00e9titives de la mati\u00e8re et les reflets de lumi\u00e8re, la vibration est l&rsquo;inspiration premi\u00e8re des cr\u00e9ations EFFETS SONORES : vibration des mati\u00e8res, des couleurs, de leurs associations, des motifs ou de la trame des tissus, qui \u00e9voquent des sonorit\u00e9s, des harmonies sonores voire musicales.<br \/>\n<\/span><\/p>\n<p class=\"paragraph_style_1\"><span class=\"style_6\" style=\"font-size: 14pt;\">Ainsi l&rsquo;univers de la marque EFFETS SONORES correspond \u00e0 la transcription visuelle d\u2019une intensit\u00e9 vibratoire &#8211; \u00e9nerg\u00e9tique ou musicale &#8211; qui sublime l\u2019\u00e9nergie masculine.<\/span><\/p>\n<p><\/p>\n<ul class=\"wwm_social_share wwm_top_left\"><li class=\"wwm_facebook\"><\/li><li class=\"wwm_twitter\"><\/li><li class=\"wwm_gplus\"><\/li><li class=\"wwm_pinit\"><\/li><li class=\"wwm_tumblr\"><\/li><li class=\"wwm_linked\"><\/li><\/ul><input type=\"hidden\" id=\"wwm_short_url\" value=\"\"\/><input type=\"hidden\" id=\"force_fix\" value=\"0\" \/><input type=\"hidden\" id=\"exclude_include_class\" value=\"\"\/><input type=\"hidden\" id=\"exclude_class\" value=\"\"\/><input type=\"hidden\" id=\"exclude_image\" value=\"\"\/><input type=\"hidden\" id=\"include_class\" value=\"\"\/><input type=\"hidden\" id=\"share_width\" value=\"150\"\/><input type=\"hidden\" id=\"wwm_mode\" value=\"0\"\/>","protected":false},"excerpt":{"rendered":"<p>Des lignes pures qui ouvrent le champ \u00e0 la vibration sonore! &nbsp; Ludiques, modulables, \u00e9pur\u00e9s, les mod\u00e8les mettent en valeur les lignes masculines et induisent une gestuelle pour les rev\u00eatir [&hellip;]<\/p>\n<p><a href=\"http:\/\/audreyzanin.com\/fr\/inspirations\/\" class=\"more-link style1-button\">Read More<\/a><\/p>","protected":false},"author":1,"featured_media":0,"parent":0,"menu_order":0,"comment_status":"open","ping_status":"closed","template":"","meta":{"footnotes":""},"class_list":["post-3460","page","type-page","status-publish","hentry"],"_links":{"self":[{"href":"http:\/\/audreyzanin.com\/fr\/wp-json\/wp\/v2\/pages\/3460","targetHints":{"allow":["GET"]}}],"collection":[{"href":"http:\/\/audreyzanin.com\/fr\/wp-json\/wp\/v2\/pages"}],"about":[{"href":"http:\/\/audreyzanin.com\/fr\/wp-json\/wp\/v2\/types\/page"}],"author":[{"embeddable":true,"href":"http:\/\/audreyzanin.com\/fr\/wp-json\/wp\/v2\/users\/1"}],"replies":[{"embeddable":true,"href":"http:\/\/audreyzanin.com\/fr\/wp-json\/wp\/v2\/comments?post=3460"}],"version-history":[{"count":8,"href":"http:\/\/audreyzanin.com\/fr\/wp-json\/wp\/v2\/pages\/3460\/revisions"}],"predecessor-version":[{"id":3509,"href":"http:\/\/audreyzanin.com\/fr\/wp-json\/wp\/v2\/pages\/3460\/revisions\/3509"}],"wp:attachment":[{"href":"http:\/\/audreyzanin.com\/fr\/wp-json\/wp\/v2\/media?parent=3460"}],"curies":[{"name":"wp","href":"https:\/\/api.w.org\/{rel}","templated":true}]}}